{"id":744,"date":"2021-11-14T18:54:15","date_gmt":"2021-11-14T17:54:15","guid":{"rendered":"http:\/\/anna-soltysik.pl\/?page_id=744"},"modified":"2021-11-14T18:59:22","modified_gmt":"2021-11-14T17:59:22","slug":"clever-book-of-the-year-second-statuette","status":"publish","type":"page","link":"https:\/\/anna-soltysik.pl\/index.php\/realisations\/clever-book-of-the-year-second-statuette\/","title":{"rendered":"Clever Book of the Year-SECOND Statuette"},"content":{"rendered":"<p>In 2021 I have got an offer to renew the project of statuette for competition &#8216;Clever book of the year&#8217;. I had to find a modern way to show &#8216;the wise man&#8217; and the meaning of previous statuette. It was quite an adventure for me:) SEE MORE <a href=\"http:\/\/madraksiazkaroku.pl\/statuetka\/\"><strong>HERE &#8211; how the statuette was made<\/strong><\/a><\/p>\n<p>You can see below the second statuette before casting in bronze<\/p>\n\n\t\t<style type=\"text\/css\">\n\t\t\t#gallery-1 {\n\t\t\t\tmargin: auto;\n\t\t\t}\n\t\t\t#gallery-1 .gallery-item {\n\t\t\t\tfloat: left;\n\t\t\t\tmargin-top: 10px;\n\t\t\t\ttext-align: center;\n\t\t\t\twidth: 33%;\n\t\t\t}\n\t\t\t#gallery-1 img {\n\t\t\t\tborder: 2px solid #cfcfcf;\n\t\t\t}\n\t\t\t#gallery-1 .gallery-caption {\n\t\t\t\tmargin-left: 0;\n\t\t\t}\n\t\t\t\/* see gallery_shortcode() in wp-includes\/media.php *\/\n\t\t<\/style>\n\t\t<div id='gallery-1' class='gallery galleryid-744 gallery-columns-3 gallery-size-thumbnail'><dl class='gallery-item'>\n\t\t\t<dt class='gallery-icon portrait'>\n\t\t\t\t<a href='https:\/\/anna-soltysik.pl\/wp-content\/uploads\/2021\/11\/projekt-statuetki-szkice.jpg' title=\"\" data-rl_title=\"\" class=\"rl-gallery-link\" data-rl_caption=\"\" data-rel=\"lightbox-gallery-1\"><img width=\"150\" height=\"150\" src=\"https:\/\/anna-soltysik.pl\/wp-content\/uploads\/2021\/11\/projekt-statuetki-szkice-150x150.jpg\" class=\"attachment-thumbnail size-thumbnail\" alt=\"\" loading=\"lazy\" srcset=\"https:\/\/anna-soltysik.pl\/wp-content\/uploads\/2021\/11\/projekt-statuetki-szkice-150x150.jpg 150w, https:\/\/anna-soltysik.pl\/wp-content\/uploads\/2021\/11\/projekt-statuetki-szkice-400x400.jpg 400w\" sizes=\"(max-width: 150px) 100vw, 150px\" \/><\/a>\n\t\t\t<\/dt><\/dl><dl class='gallery-item'>\n\t\t\t<dt class='gallery-icon portrait'>\n\t\t\t\t<a href='https:\/\/anna-soltysik.pl\/wp-content\/uploads\/2021\/11\/euklides-ca\u0142o\u015b\u0107.jpg' title=\"\" data-rl_title=\"\" class=\"rl-gallery-link\" data-rl_caption=\"\" data-rel=\"lightbox-gallery-1\"><img width=\"150\" height=\"150\" src=\"https:\/\/anna-soltysik.pl\/wp-content\/uploads\/2021\/11\/euklides-ca\u0142o\u015b\u0107-150x150.jpg\" class=\"attachment-thumbnail size-thumbnail\" alt=\"\" loading=\"lazy\" srcset=\"https:\/\/anna-soltysik.pl\/wp-content\/uploads\/2021\/11\/euklides-ca\u0142o\u015b\u0107-150x150.jpg 150w, https:\/\/anna-soltysik.pl\/wp-content\/uploads\/2021\/11\/euklides-ca\u0142o\u015b\u0107-400x400.jpg 400w\" sizes=\"(max-width: 150px) 100vw, 150px\" \/><\/a>\n\t\t\t<\/dt><\/dl><dl class='gallery-item'>\n\t\t\t<dt class='gallery-icon landscape'>\n\t\t\t\t<a href='https:\/\/anna-soltysik.pl\/wp-content\/uploads\/2021\/11\/euklises_g\u00f3ra02.jpg' title=\"\" data-rl_title=\"\" class=\"rl-gallery-link\" data-rl_caption=\"\" data-rel=\"lightbox-gallery-1\"><img width=\"150\" height=\"150\" src=\"https:\/\/anna-soltysik.pl\/wp-content\/uploads\/2021\/11\/euklises_g\u00f3ra02-150x150.jpg\" class=\"attachment-thumbnail size-thumbnail\" alt=\"\" loading=\"lazy\" srcset=\"https:\/\/anna-soltysik.pl\/wp-content\/uploads\/2021\/11\/euklises_g\u00f3ra02-150x150.jpg 150w, https:\/\/anna-soltysik.pl\/wp-content\/uploads\/2021\/11\/euklises_g\u00f3ra02-400x400.jpg 400w\" sizes=\"(max-width: 150px) 100vw, 150px\" \/><\/a>\n\t\t\t<\/dt><\/dl><br style=\"clear: both\" \/><dl class='gallery-item'>\n\t\t\t<dt class='gallery-icon portrait'>\n\t\t\t\t<a href='https:\/\/anna-soltysik.pl\/wp-content\/uploads\/2021\/11\/euklises_g\u00f3ra03.jpg' title=\"\" data-rl_title=\"\" class=\"rl-gallery-link\" data-rl_caption=\"\" data-rel=\"lightbox-gallery-1\"><img width=\"150\" height=\"150\" src=\"https:\/\/anna-soltysik.pl\/wp-content\/uploads\/2021\/11\/euklises_g\u00f3ra03-150x150.jpg\" class=\"attachment-thumbnail size-thumbnail\" alt=\"\" loading=\"lazy\" srcset=\"https:\/\/anna-soltysik.pl\/wp-content\/uploads\/2021\/11\/euklises_g\u00f3ra03-150x150.jpg 150w, https:\/\/anna-soltysik.pl\/wp-content\/uploads\/2021\/11\/euklises_g\u00f3ra03-400x400.jpg 400w\" sizes=\"(max-width: 150px) 100vw, 150px\" \/><\/a>\n\t\t\t<\/dt><\/dl>\n\t\t\t<br style='clear: both' \/>\n\t\t<\/div>\n\n","protected":false},"excerpt":{"rendered":"<p>In 2021 I have got an offer to renew the project of statuette for competition &#8216;Clever book of the year&#8217;. I had to find a modern way to show &#8216;the wise man&#8217; and the meaning of previous statuette. It was quite an adventure for me:) SEE MORE HERE &#8211; how the statuette was made You [&hellip;]<\/p>\n","protected":false},"author":1,"featured_media":0,"parent":196,"menu_order":0,"comment_status":"closed","ping_status":"closed","template":"","meta":[],"_links":{"self":[{"href":"https:\/\/anna-soltysik.pl\/index.php\/wp-json\/wp\/v2\/pages\/744"}],"collection":[{"href":"https:\/\/anna-soltysik.pl\/index.php\/wp-json\/wp\/v2\/pages"}],"about":[{"href":"https:\/\/anna-soltysik.pl\/index.php\/wp-json\/wp\/v2\/types\/page"}],"author":[{"embeddable":true,"href":"https:\/\/anna-soltysik.pl\/index.php\/wp-json\/wp\/v2\/users\/1"}],"replies":[{"embeddable":true,"href":"https:\/\/anna-soltysik.pl\/index.php\/wp-json\/wp\/v2\/comments?post=744"}],"version-history":[{"count":4,"href":"https:\/\/anna-soltysik.pl\/index.php\/wp-json\/wp\/v2\/pages\/744\/revisions"}],"predecessor-version":[{"id":753,"href":"https:\/\/anna-soltysik.pl\/index.php\/wp-json\/wp\/v2\/pages\/744\/revisions\/753"}],"up":[{"embeddable":true,"href":"https:\/\/anna-soltysik.pl\/index.php\/wp-json\/wp\/v2\/pages\/196"}],"wp:attachment":[{"href":"https:\/\/anna-soltysik.pl\/index.php\/wp-json\/wp\/v2\/media?parent=744"}],"curies":[{"name":"wp","href":"https:\/\/api.w.org\/{rel}","templated":true}]}}