{"id":454,"date":"2018-02-03T16:18:56","date_gmt":"2018-02-03T15:18:56","guid":{"rendered":"http:\/\/anna-soltysik.pl\/?page_id=454"},"modified":"2020-10-03T19:40:07","modified_gmt":"2020-10-03T17:40:07","slug":"art-group-m37a","status":"publish","type":"page","link":"https:\/\/anna-soltysik.pl\/index.php\/art-group-m37a\/","title":{"rendered":"art group M37A"},"content":{"rendered":"<p><strong>Members of art group M37A:<\/strong><\/p>\n<p>1. Ewa Maria Romaniak &#8211; founder (October 2015)<\/p>\n<p>2. Anna So\u0142tysik &#8211; member since February 2017<\/p>\n<p>3. Bart\u0142omiej Domaga\u0142a &#8211; member since Oktober 2017<\/p>\n<p>see more on our page: <a href=\"http:\/\/www.m37a.art\"><span style=\"text-decoration: underline;\"><strong>www.m37a.art<\/strong><\/span><\/a><\/p>\n","protected":false},"excerpt":{"rendered":"<p>Members of art group M37A: 1. Ewa Maria Romaniak &#8211; founder (October 2015) 2. Anna So\u0142tysik &#8211; member since February 2017 3. Bart\u0142omiej Domaga\u0142a &#8211; member since Oktober 2017 see more on our page: www.m37a.art<\/p>\n","protected":false},"author":1,"featured_media":0,"parent":0,"menu_order":0,"comment_status":"closed","ping_status":"closed","template":"","meta":[],"_links":{"self":[{"href":"https:\/\/anna-soltysik.pl\/index.php\/wp-json\/wp\/v2\/pages\/454"}],"collection":[{"href":"https:\/\/anna-soltysik.pl\/index.php\/wp-json\/wp\/v2\/pages"}],"about":[{"href":"https:\/\/anna-soltysik.pl\/index.php\/wp-json\/wp\/v2\/types\/page"}],"author":[{"embeddable":true,"href":"https:\/\/anna-soltysik.pl\/index.php\/wp-json\/wp\/v2\/users\/1"}],"replies":[{"embeddable":true,"href":"https:\/\/anna-soltysik.pl\/index.php\/wp-json\/wp\/v2\/comments?post=454"}],"version-history":[{"count":8,"href":"https:\/\/anna-soltysik.pl\/index.php\/wp-json\/wp\/v2\/pages\/454\/revisions"}],"predecessor-version":[{"id":707,"href":"https:\/\/anna-soltysik.pl\/index.php\/wp-json\/wp\/v2\/pages\/454\/revisions\/707"}],"wp:attachment":[{"href":"https:\/\/anna-soltysik.pl\/index.php\/wp-json\/wp\/v2\/media?parent=454"}],"curies":[{"name":"wp","href":"https:\/\/api.w.org\/{rel}","templated":true}]}}