{"id":382,"date":"2017-08-11T16:16:32","date_gmt":"2017-08-11T14:16:32","guid":{"rendered":"http:\/\/anna-soltysik.pl\/?page_id=382"},"modified":"2020-03-19T16:33:12","modified_gmt":"2020-03-19T15:33:12","slug":"2017-2","status":"publish","type":"page","link":"https:\/\/anna-soltysik.pl\/index.php\/exhibitions\/collective\/2017-2\/","title":{"rendered":"2017"},"content":{"rendered":"<p>1.<strong>Space of endokarp<\/strong>,11.02-12.03.2017, Fort Swoszowice Gallery, exhibition organised by art group M37A &#8211; see more <span style=\"text-decoration: underline;\"><strong><a href=\"https:\/\/mswojsk.com\/aktualnosci\/przestrzen-endorkarpu-niecodzienna-wystawa-grupy-artystycznej-m37a\/\">HERE<\/a><\/strong><\/span><\/p>\n<p>My works: Diptych &#8216;Embedded &#8211; Splitting&#8217; (&#8216;Embedded&#8217; &#8211; sculpture\/instalation &#8211; wood, wicker, led strip , 40&#215;170 cm, 2017); &#8216;Splitting&#8217; &#8211; sculpture\/instalation &#8211; canvas, wicker, led strip, 40&#215;50 cm, 2017)<\/p>\n\n\t\t<style type=\"text\/css\">\n\t\t\t#gallery-1 {\n\t\t\t\tmargin: auto;\n\t\t\t}\n\t\t\t#gallery-1 .gallery-item {\n\t\t\t\tfloat: left;\n\t\t\t\tmargin-top: 10px;\n\t\t\t\ttext-align: center;\n\t\t\t\twidth: 33%;\n\t\t\t}\n\t\t\t#gallery-1 img {\n\t\t\t\tborder: 2px solid #cfcfcf;\n\t\t\t}\n\t\t\t#gallery-1 .gallery-caption {\n\t\t\t\tmargin-left: 0;\n\t\t\t}\n\t\t\t\/* see gallery_shortcode() in wp-includes\/media.php *\/\n\t\t<\/style>\n\t\t<div id='gallery-1' class='gallery galleryid-382 gallery-columns-3 gallery-size-thumbnail'><dl class='gallery-item'>\n\t\t\t<dt class='gallery-icon portrait'>\n\t\t\t\t<a href='https:\/\/anna-soltysik.pl\/wp-content\/uploads\/2017\/08\/So\u0142tysik_Anna_2017_Osadzone-Rozsadzaj\u0105ce_instalacja-rze\u017abiarska_drewno-wiklina-podobrazie-ta\u015bmy-ledowe1.jpg' title=\"\" data-rl_title=\"\" class=\"rl-gallery-link\" data-rl_caption=\"\" data-rel=\"lightbox-gallery-1\"><img width=\"150\" height=\"150\" src=\"https:\/\/anna-soltysik.pl\/wp-content\/uploads\/2017\/08\/So\u0142tysik_Anna_2017_Osadzone-Rozsadzaj\u0105ce_instalacja-rze\u017abiarska_drewno-wiklina-podobrazie-ta\u015bmy-ledowe1-150x150.jpg\" class=\"attachment-thumbnail size-thumbnail\" alt=\"\" loading=\"lazy\" srcset=\"https:\/\/anna-soltysik.pl\/wp-content\/uploads\/2017\/08\/So\u0142tysik_Anna_2017_Osadzone-Rozsadzaj\u0105ce_instalacja-rze\u017abiarska_drewno-wiklina-podobrazie-ta\u015bmy-ledowe1-150x150.jpg 150w, https:\/\/anna-soltysik.pl\/wp-content\/uploads\/2017\/08\/So\u0142tysik_Anna_2017_Osadzone-Rozsadzaj\u0105ce_instalacja-rze\u017abiarska_drewno-wiklina-podobrazie-ta\u015bmy-ledowe1-400x400.jpg 400w\" sizes=\"(max-width: 150px) 100vw, 150px\" \/><\/a>\n\t\t\t<\/dt><\/dl><dl class='gallery-item'>\n\t\t\t<dt class='gallery-icon portrait'>\n\t\t\t\t<a href='https:\/\/anna-soltysik.pl\/wp-content\/uploads\/2017\/08\/So\u0142tysik_Anna_2017_Osadzone_instalacja-rze\u017abiarska_drewno-wiklina-ta\u015bma-ledowa_40x40x170cm.jpg' title=\"\" data-rl_title=\"\" class=\"rl-gallery-link\" data-rl_caption=\"\" data-rel=\"lightbox-gallery-1\"><img width=\"150\" height=\"150\" src=\"https:\/\/anna-soltysik.pl\/wp-content\/uploads\/2017\/08\/So\u0142tysik_Anna_2017_Osadzone_instalacja-rze\u017abiarska_drewno-wiklina-ta\u015bma-ledowa_40x40x170cm-150x150.jpg\" class=\"attachment-thumbnail size-thumbnail\" alt=\"\" loading=\"lazy\" srcset=\"https:\/\/anna-soltysik.pl\/wp-content\/uploads\/2017\/08\/So\u0142tysik_Anna_2017_Osadzone_instalacja-rze\u017abiarska_drewno-wiklina-ta\u015bma-ledowa_40x40x170cm-150x150.jpg 150w, https:\/\/anna-soltysik.pl\/wp-content\/uploads\/2017\/08\/So\u0142tysik_Anna_2017_Osadzone_instalacja-rze\u017abiarska_drewno-wiklina-ta\u015bma-ledowa_40x40x170cm-400x400.jpg 400w\" sizes=\"(max-width: 150px) 100vw, 150px\" \/><\/a>\n\t\t\t<\/dt><\/dl><dl class='gallery-item'>\n\t\t\t<dt class='gallery-icon portrait'>\n\t\t\t\t<a href='https:\/\/anna-soltysik.pl\/wp-content\/uploads\/2017\/08\/So\u0142tysik_Anna_2017_Rozsadzaj\u0105ce_instalacja-rze\u017abiarska_podobrazie-wiklina-ta\u015bma-ledowa_40x20x55cm.jpg' title=\"\" data-rl_title=\"\" class=\"rl-gallery-link\" data-rl_caption=\"\" data-rel=\"lightbox-gallery-1\"><img width=\"150\" height=\"150\" src=\"https:\/\/anna-soltysik.pl\/wp-content\/uploads\/2017\/08\/So\u0142tysik_Anna_2017_Rozsadzaj\u0105ce_instalacja-rze\u017abiarska_podobrazie-wiklina-ta\u015bma-ledowa_40x20x55cm-150x150.jpg\" class=\"attachment-thumbnail size-thumbnail\" alt=\"\" loading=\"lazy\" srcset=\"https:\/\/anna-soltysik.pl\/wp-content\/uploads\/2017\/08\/So\u0142tysik_Anna_2017_Rozsadzaj\u0105ce_instalacja-rze\u017abiarska_podobrazie-wiklina-ta\u015bma-ledowa_40x20x55cm-150x150.jpg 150w, https:\/\/anna-soltysik.pl\/wp-content\/uploads\/2017\/08\/So\u0142tysik_Anna_2017_Rozsadzaj\u0105ce_instalacja-rze\u017abiarska_podobrazie-wiklina-ta\u015bma-ledowa_40x20x55cm-400x400.jpg 400w\" sizes=\"(max-width: 150px) 100vw, 150px\" \/><\/a>\n\t\t\t<\/dt><\/dl><br style=\"clear: both\" \/><dl class='gallery-item'>\n\t\t\t<dt class='gallery-icon portrait'>\n\t\t\t\t<a href='https:\/\/anna-soltysik.pl\/wp-content\/uploads\/2017\/08\/So\u0142tysik_Anna_2017_Osadzone_Rozsadzaj\u0105ce_instalacja-rze\u017abiarska_drewno-wiklina-ta\u015bmy-ledowe-podobrazie-2.jpg' title=\"\" data-rl_title=\"\" class=\"rl-gallery-link\" data-rl_caption=\"\" data-rel=\"lightbox-gallery-1\"><img width=\"150\" height=\"150\" src=\"https:\/\/anna-soltysik.pl\/wp-content\/uploads\/2017\/08\/So\u0142tysik_Anna_2017_Osadzone_Rozsadzaj\u0105ce_instalacja-rze\u017abiarska_drewno-wiklina-ta\u015bmy-ledowe-podobrazie-2-150x150.jpg\" class=\"attachment-thumbnail size-thumbnail\" alt=\"\" loading=\"lazy\" srcset=\"https:\/\/anna-soltysik.pl\/wp-content\/uploads\/2017\/08\/So\u0142tysik_Anna_2017_Osadzone_Rozsadzaj\u0105ce_instalacja-rze\u017abiarska_drewno-wiklina-ta\u015bmy-ledowe-podobrazie-2-150x150.jpg 150w, https:\/\/anna-soltysik.pl\/wp-content\/uploads\/2017\/08\/So\u0142tysik_Anna_2017_Osadzone_Rozsadzaj\u0105ce_instalacja-rze\u017abiarska_drewno-wiklina-ta\u015bmy-ledowe-podobrazie-2-400x400.jpg 400w\" sizes=\"(max-width: 150px) 100vw, 150px\" \/><\/a>\n\t\t\t<\/dt><\/dl>\n\t\t\t<br style='clear: both' \/>\n\t\t<\/div>\n\n<p>2. <strong>Structure of relationship<\/strong>, 25.03 &#8211; 11.04.2017,\u00a0 underground &#8211; Wroc\u0142awska Street No 66, exhibition organised by art group M37A &#8211; see more <span style=\"text-decoration: underline;\"><strong><a href=\"https:\/\/www.facebook.com\/events\/232912633840212\/\">HERE<\/a><\/strong><\/span><\/p>\n<p>My works: &#8216;Drifts of desires&#8217; is the triptych which touch upon the issue of strong emotions and feelings, which arise because of various interaction between people. (Drift 1, 2, 3 &#8211; wood, bark, wicker, plexiglass, 70&#215;25 cm, 2017)<\/p>\n\n\t\t<style type=\"text\/css\">\n\t\t\t#gallery-2 {\n\t\t\t\tmargin: auto;\n\t\t\t}\n\t\t\t#gallery-2 .gallery-item {\n\t\t\t\tfloat: left;\n\t\t\t\tmargin-top: 10px;\n\t\t\t\ttext-align: center;\n\t\t\t\twidth: 33%;\n\t\t\t}\n\t\t\t#gallery-2 img {\n\t\t\t\tborder: 2px solid #cfcfcf;\n\t\t\t}\n\t\t\t#gallery-2 .gallery-caption {\n\t\t\t\tmargin-left: 0;\n\t\t\t}\n\t\t\t\/* see gallery_shortcode() in wp-includes\/media.php *\/\n\t\t<\/style>\n\t\t<div id='gallery-2' class='gallery galleryid-382 gallery-columns-3 gallery-size-thumbnail'><dl class='gallery-item'>\n\t\t\t<dt class='gallery-icon landscape'>\n\t\t\t\t<a href='https:\/\/anna-soltysik.pl\/wp-content\/uploads\/2017\/08\/So\u0142tysik_Anna_2017Nurt1_instalacja-p\u0142aska_drewno-kora-wiklina-pleksa_70x25cm.jpg' title=\"\" data-rl_title=\"\" class=\"rl-gallery-link\" data-rl_caption=\"\" data-rel=\"lightbox-gallery-2\"><img width=\"150\" height=\"150\" src=\"https:\/\/anna-soltysik.pl\/wp-content\/uploads\/2017\/08\/So\u0142tysik_Anna_2017Nurt1_instalacja-p\u0142aska_drewno-kora-wiklina-pleksa_70x25cm-150x150.jpg\" class=\"attachment-thumbnail size-thumbnail\" alt=\"\" loading=\"lazy\" srcset=\"https:\/\/anna-soltysik.pl\/wp-content\/uploads\/2017\/08\/So\u0142tysik_Anna_2017Nurt1_instalacja-p\u0142aska_drewno-kora-wiklina-pleksa_70x25cm-150x150.jpg 150w, https:\/\/anna-soltysik.pl\/wp-content\/uploads\/2017\/08\/So\u0142tysik_Anna_2017Nurt1_instalacja-p\u0142aska_drewno-kora-wiklina-pleksa_70x25cm-400x400.jpg 400w\" sizes=\"(max-width: 150px) 100vw, 150px\" \/><\/a>\n\t\t\t<\/dt><\/dl><dl class='gallery-item'>\n\t\t\t<dt class='gallery-icon landscape'>\n\t\t\t\t<a href='https:\/\/anna-soltysik.pl\/wp-content\/uploads\/2017\/08\/So\u0142tysik_Anna_2017_Nurt2_instalacja-p\u0142aska_drewno-kora-wiklina-pleksa_70x25cm.jpg' title=\"\" data-rl_title=\"\" class=\"rl-gallery-link\" data-rl_caption=\"\" data-rel=\"lightbox-gallery-2\"><img width=\"150\" height=\"150\" src=\"https:\/\/anna-soltysik.pl\/wp-content\/uploads\/2017\/08\/So\u0142tysik_Anna_2017_Nurt2_instalacja-p\u0142aska_drewno-kora-wiklina-pleksa_70x25cm-150x150.jpg\" class=\"attachment-thumbnail size-thumbnail\" alt=\"\" loading=\"lazy\" srcset=\"https:\/\/anna-soltysik.pl\/wp-content\/uploads\/2017\/08\/So\u0142tysik_Anna_2017_Nurt2_instalacja-p\u0142aska_drewno-kora-wiklina-pleksa_70x25cm-150x150.jpg 150w, https:\/\/anna-soltysik.pl\/wp-content\/uploads\/2017\/08\/So\u0142tysik_Anna_2017_Nurt2_instalacja-p\u0142aska_drewno-kora-wiklina-pleksa_70x25cm-400x400.jpg 400w\" sizes=\"(max-width: 150px) 100vw, 150px\" \/><\/a>\n\t\t\t<\/dt><\/dl><dl class='gallery-item'>\n\t\t\t<dt class='gallery-icon landscape'>\n\t\t\t\t<a href='https:\/\/anna-soltysik.pl\/wp-content\/uploads\/2017\/08\/So\u0142tysik_Anna_2017_Nurt3_instalacja-p\u0142aska_drewno-kora-wiklina-pleksa_70x25cm.jpg' title=\"\" data-rl_title=\"\" class=\"rl-gallery-link\" data-rl_caption=\"\" data-rel=\"lightbox-gallery-2\"><img width=\"150\" height=\"150\" src=\"https:\/\/anna-soltysik.pl\/wp-content\/uploads\/2017\/08\/So\u0142tysik_Anna_2017_Nurt3_instalacja-p\u0142aska_drewno-kora-wiklina-pleksa_70x25cm-150x150.jpg\" class=\"attachment-thumbnail size-thumbnail\" alt=\"\" loading=\"lazy\" srcset=\"https:\/\/anna-soltysik.pl\/wp-content\/uploads\/2017\/08\/So\u0142tysik_Anna_2017_Nurt3_instalacja-p\u0142aska_drewno-kora-wiklina-pleksa_70x25cm-150x150.jpg 150w, https:\/\/anna-soltysik.pl\/wp-content\/uploads\/2017\/08\/So\u0142tysik_Anna_2017_Nurt3_instalacja-p\u0142aska_drewno-kora-wiklina-pleksa_70x25cm-400x400.jpg 400w\" sizes=\"(max-width: 150px) 100vw, 150px\" \/><\/a>\n\t\t\t<\/dt><\/dl><br style=\"clear: both\" \/>\n\t\t<\/div>\n\n<p>3. <strong>Space of street<\/strong> &#8211; Mazowiecka KRK, 23-26.06, open air action in Cracow organised by art group M37A &#8211; see more <span style=\"text-decoration: underline;\"><strong><a href=\"https:\/\/www.infoarchitekta.pl\/artykuly:6-wydarzenia:14319-plener-multidyscyplinarny-przestrzen-ulicy-mazowiecka-krk.html\">HERE<\/a><\/strong><\/span><\/p>\n<p>4. <strong>International Artistic Action in Wola S\u0119kowa<\/strong>, 31.07 \u2013 06.08.2017 &#8211; see more <span style=\"text-decoration: underline;\"><strong><a href=\"http:\/\/www.uniwlud.pl\/?p=2116\">HERE<\/a><\/strong><\/span><\/p>\n<p>5. <strong>International Artistic Actions<\/strong> in Raslavice (June 2017) and Korzenna (August 2017),<\/p>\n<p>6. <strong>Full kolor<\/strong>, 22.10 &#8211; 10.11.2017, Fort Swoszowice Gallery, exhibition organised by art group M37A &#8211; see more <span style=\"text-decoration: underline;\"><strong><a href=\"http:\/\/mswojsk.com\/aktualnosci\/full-kolor-wernisaz-obrazow-grupy-m37a\/\">HERE<\/a>. <\/strong><\/span>Below you can see my diptych &#8216;Self &#8211; portrait with color&#8217;.<\/p>\n\n\t\t<style type=\"text\/css\">\n\t\t\t#gallery-3 {\n\t\t\t\tmargin: auto;\n\t\t\t}\n\t\t\t#gallery-3 .gallery-item {\n\t\t\t\tfloat: left;\n\t\t\t\tmargin-top: 10px;\n\t\t\t\ttext-align: center;\n\t\t\t\twidth: 33%;\n\t\t\t}\n\t\t\t#gallery-3 img {\n\t\t\t\tborder: 2px solid #cfcfcf;\n\t\t\t}\n\t\t\t#gallery-3 .gallery-caption {\n\t\t\t\tmargin-left: 0;\n\t\t\t}\n\t\t\t\/* see gallery_shortcode() in wp-includes\/media.php *\/\n\t\t<\/style>\n\t\t<div id='gallery-3' class='gallery galleryid-382 gallery-columns-3 gallery-size-thumbnail'><dl class='gallery-item'>\n\t\t\t<dt class='gallery-icon landscape'>\n\t\t\t\t<a href='https:\/\/anna-soltysik.pl\/wp-content\/uploads\/2017\/08\/konkurs_01_dyptyk_AS.jpg' title=\"\" data-rl_title=\"\" class=\"rl-gallery-link\" data-rl_caption=\"\" data-rel=\"lightbox-gallery-3\"><img width=\"150\" height=\"150\" src=\"https:\/\/anna-soltysik.pl\/wp-content\/uploads\/2017\/08\/konkurs_01_dyptyk_AS-150x150.jpg\" class=\"attachment-thumbnail size-thumbnail\" alt=\"\" loading=\"lazy\" srcset=\"https:\/\/anna-soltysik.pl\/wp-content\/uploads\/2017\/08\/konkurs_01_dyptyk_AS-150x150.jpg 150w, https:\/\/anna-soltysik.pl\/wp-content\/uploads\/2017\/08\/konkurs_01_dyptyk_AS-400x400.jpg 400w\" sizes=\"(max-width: 150px) 100vw, 150px\" \/><\/a>\n\t\t\t<\/dt><\/dl>\n\t\t\t<br style='clear: both' \/>\n\t\t<\/div>\n\n<p>7. <strong>Dialogue with avangarde<\/strong>, 2.12.2017 &#8211; 21.01.2018, W\u0142adys\u0142aw Hasior Gallery in Zakopane &#8211; see more <span style=\"text-decoration: underline;\"><strong><a href=\"http:\/\/muzeumtatrzanskie.pl\/dialog-z-awangarda\/\">HERE<\/a>.<\/strong><\/span> I have prepaired for this exhibition 3 installations under the title &#8216;memories from home&#8217;.<\/p>\n\n\t\t<style type=\"text\/css\">\n\t\t\t#gallery-4 {\n\t\t\t\tmargin: auto;\n\t\t\t}\n\t\t\t#gallery-4 .gallery-item {\n\t\t\t\tfloat: left;\n\t\t\t\tmargin-top: 10px;\n\t\t\t\ttext-align: center;\n\t\t\t\twidth: 33%;\n\t\t\t}\n\t\t\t#gallery-4 img {\n\t\t\t\tborder: 2px solid #cfcfcf;\n\t\t\t}\n\t\t\t#gallery-4 .gallery-caption {\n\t\t\t\tmargin-left: 0;\n\t\t\t}\n\t\t\t\/* see gallery_shortcode() in wp-includes\/media.php *\/\n\t\t<\/style>\n\t\t<div id='gallery-4' class='gallery galleryid-382 gallery-columns-3 gallery-size-thumbnail'><dl class='gallery-item'>\n\t\t\t<dt class='gallery-icon portrait'>\n\t\t\t\t<a href='https:\/\/anna-soltysik.pl\/wp-content\/uploads\/2017\/08\/konkurs_02_AS.jpg' title=\"\" data-rl_title=\"\" class=\"rl-gallery-link\" data-rl_caption=\"\" data-rel=\"lightbox-gallery-4\"><img width=\"150\" height=\"150\" src=\"https:\/\/anna-soltysik.pl\/wp-content\/uploads\/2017\/08\/konkurs_02_AS-150x150.jpg\" class=\"attachment-thumbnail size-thumbnail\" alt=\"\" loading=\"lazy\" srcset=\"https:\/\/anna-soltysik.pl\/wp-content\/uploads\/2017\/08\/konkurs_02_AS-150x150.jpg 150w, https:\/\/anna-soltysik.pl\/wp-content\/uploads\/2017\/08\/konkurs_02_AS-400x400.jpg 400w\" sizes=\"(max-width: 150px) 100vw, 150px\" \/><\/a>\n\t\t\t<\/dt><\/dl><dl class='gallery-item'>\n\t\t\t<dt class='gallery-icon portrait'>\n\t\t\t\t<a href='https:\/\/anna-soltysik.pl\/wp-content\/uploads\/2017\/08\/konkurs_03_AS.jpg' title=\"\" data-rl_title=\"\" class=\"rl-gallery-link\" data-rl_caption=\"\" data-rel=\"lightbox-gallery-4\"><img width=\"150\" height=\"150\" src=\"https:\/\/anna-soltysik.pl\/wp-content\/uploads\/2017\/08\/konkurs_03_AS-150x150.jpg\" class=\"attachment-thumbnail size-thumbnail\" alt=\"\" loading=\"lazy\" srcset=\"https:\/\/anna-soltysik.pl\/wp-content\/uploads\/2017\/08\/konkurs_03_AS-150x150.jpg 150w, https:\/\/anna-soltysik.pl\/wp-content\/uploads\/2017\/08\/konkurs_03_AS-400x400.jpg 400w\" sizes=\"(max-width: 150px) 100vw, 150px\" \/><\/a>\n\t\t\t<\/dt><\/dl><dl class='gallery-item'>\n\t\t\t<dt class='gallery-icon portrait'>\n\t\t\t\t<a href='https:\/\/anna-soltysik.pl\/wp-content\/uploads\/2017\/08\/konkurs_04_AS.jpg' title=\"\" data-rl_title=\"\" class=\"rl-gallery-link\" data-rl_caption=\"\" data-rel=\"lightbox-gallery-4\"><img width=\"150\" height=\"150\" src=\"https:\/\/anna-soltysik.pl\/wp-content\/uploads\/2017\/08\/konkurs_04_AS-150x150.jpg\" class=\"attachment-thumbnail size-thumbnail\" alt=\"\" loading=\"lazy\" srcset=\"https:\/\/anna-soltysik.pl\/wp-content\/uploads\/2017\/08\/konkurs_04_AS-150x150.jpg 150w, https:\/\/anna-soltysik.pl\/wp-content\/uploads\/2017\/08\/konkurs_04_AS-400x400.jpg 400w\" sizes=\"(max-width: 150px) 100vw, 150px\" \/><\/a>\n\t\t\t<\/dt><\/dl><br style=\"clear: both\" \/>\n\t\t<\/div>\n\n","protected":false},"excerpt":{"rendered":"<p>1.Space of endokarp,11.02-12.03.2017, Fort Swoszowice Gallery, exhibition organised by art group M37A &#8211; see more HERE My works: Diptych &#8216;Embedded &#8211; Splitting&#8217; (&#8216;Embedded&#8217; &#8211; sculpture\/instalation &#8211; wood, wicker, led strip , 40&#215;170 cm, 2017); &#8216;Splitting&#8217; &#8211; sculpture\/instalation &#8211; canvas, wicker, led strip, 40&#215;50 cm, 2017) 2. Structure of relationship, 25.03 &#8211; 11.04.2017,\u00a0 underground &#8211; Wroc\u0142awska [&hellip;]<\/p>\n","protected":false},"author":1,"featured_media":0,"parent":379,"menu_order":0,"comment_status":"closed","ping_status":"closed","template":"","meta":[],"_links":{"self":[{"href":"https:\/\/anna-soltysik.pl\/index.php\/wp-json\/wp\/v2\/pages\/382"}],"collection":[{"href":"https:\/\/anna-soltysik.pl\/index.php\/wp-json\/wp\/v2\/pages"}],"about":[{"href":"https:\/\/anna-soltysik.pl\/index.php\/wp-json\/wp\/v2\/types\/page"}],"author":[{"embeddable":true,"href":"https:\/\/anna-soltysik.pl\/index.php\/wp-json\/wp\/v2\/users\/1"}],"replies":[{"embeddable":true,"href":"https:\/\/anna-soltysik.pl\/index.php\/wp-json\/wp\/v2\/comments?post=382"}],"version-history":[{"count":15,"href":"https:\/\/anna-soltysik.pl\/index.php\/wp-json\/wp\/v2\/pages\/382\/revisions"}],"predecessor-version":[{"id":705,"href":"https:\/\/anna-soltysik.pl\/index.php\/wp-json\/wp\/v2\/pages\/382\/revisions\/705"}],"up":[{"embeddable":true,"href":"https:\/\/anna-soltysik.pl\/index.php\/wp-json\/wp\/v2\/pages\/379"}],"wp:attachment":[{"href":"https:\/\/anna-soltysik.pl\/index.php\/wp-json\/wp\/v2\/media?parent=382"}],"curies":[{"name":"wp","href":"https:\/\/api.w.org\/{rel}","templated":true}]}}