{"id":201,"date":"2017-01-11T22:44:20","date_gmt":"2017-01-11T21:44:20","guid":{"rendered":"http:\/\/anna-soltysik.pl\/?page_id=201"},"modified":"2021-11-14T18:35:02","modified_gmt":"2021-11-14T17:35:02","slug":"clever-book-of-the-year","status":"publish","type":"page","link":"https:\/\/anna-soltysik.pl\/index.php\/realisations\/clever-book-of-the-year\/","title":{"rendered":"Clever Book of the Year-FIRST Statuette"},"content":{"rendered":"\n\t\t<style type=\"text\/css\">\n\t\t\t#gallery-1 {\n\t\t\t\tmargin: auto;\n\t\t\t}\n\t\t\t#gallery-1 .gallery-item {\n\t\t\t\tfloat: left;\n\t\t\t\tmargin-top: 10px;\n\t\t\t\ttext-align: center;\n\t\t\t\twidth: 33%;\n\t\t\t}\n\t\t\t#gallery-1 img {\n\t\t\t\tborder: 2px solid #cfcfcf;\n\t\t\t}\n\t\t\t#gallery-1 .gallery-caption {\n\t\t\t\tmargin-left: 0;\n\t\t\t}\n\t\t\t\/* see gallery_shortcode() in wp-includes\/media.php *\/\n\t\t<\/style>\n\t\t<div id='gallery-1' class='gallery galleryid-201 gallery-columns-3 gallery-size-thumbnail'><dl class='gallery-item'>\n\t\t\t<dt class='gallery-icon portrait'>\n\t\t\t\t<a href='https:\/\/anna-soltysik.pl\/wp-content\/uploads\/2017\/01\/SAM_9770xy.jpg' title=\"\" data-rl_title=\"\" class=\"rl-gallery-link\" data-rl_caption=\"\" data-rel=\"lightbox-gallery-1\"><img width=\"150\" height=\"150\" src=\"https:\/\/anna-soltysik.pl\/wp-content\/uploads\/2017\/01\/SAM_9770xy-150x150.jpg\" class=\"attachment-thumbnail size-thumbnail\" alt=\"\" loading=\"lazy\" srcset=\"https:\/\/anna-soltysik.pl\/wp-content\/uploads\/2017\/01\/SAM_9770xy-150x150.jpg 150w, https:\/\/anna-soltysik.pl\/wp-content\/uploads\/2017\/01\/SAM_9770xy-400x400.jpg 400w\" sizes=\"(max-width: 150px) 100vw, 150px\" \/><\/a>\n\t\t\t<\/dt><\/dl><dl class='gallery-item'>\n\t\t\t<dt class='gallery-icon portrait'>\n\t\t\t\t<a href='https:\/\/anna-soltysik.pl\/wp-content\/uploads\/2017\/01\/SAM_9771xy.jpg' title=\"\" data-rl_title=\"\" class=\"rl-gallery-link\" data-rl_caption=\"\" data-rel=\"lightbox-gallery-1\"><img width=\"150\" height=\"150\" src=\"https:\/\/anna-soltysik.pl\/wp-content\/uploads\/2017\/01\/SAM_9771xy-150x150.jpg\" class=\"attachment-thumbnail size-thumbnail\" alt=\"\" loading=\"lazy\" srcset=\"https:\/\/anna-soltysik.pl\/wp-content\/uploads\/2017\/01\/SAM_9771xy-150x150.jpg 150w, https:\/\/anna-soltysik.pl\/wp-content\/uploads\/2017\/01\/SAM_9771xy-400x400.jpg 400w\" sizes=\"(max-width: 150px) 100vw, 150px\" \/><\/a>\n\t\t\t<\/dt><\/dl><dl class='gallery-item'>\n\t\t\t<dt class='gallery-icon portrait'>\n\t\t\t\t<a href='https:\/\/anna-soltysik.pl\/wp-content\/uploads\/2017\/01\/SAM_9958x.jpg' title=\"\" data-rl_title=\"\" class=\"rl-gallery-link\" data-rl_caption=\"\" data-rel=\"lightbox-gallery-1\"><img width=\"150\" height=\"150\" src=\"https:\/\/anna-soltysik.pl\/wp-content\/uploads\/2017\/01\/SAM_9958x-150x150.jpg\" class=\"attachment-thumbnail size-thumbnail\" alt=\"\" loading=\"lazy\" srcset=\"https:\/\/anna-soltysik.pl\/wp-content\/uploads\/2017\/01\/SAM_9958x-150x150.jpg 150w, https:\/\/anna-soltysik.pl\/wp-content\/uploads\/2017\/01\/SAM_9958x-400x400.jpg 400w\" sizes=\"(max-width: 150px) 100vw, 150px\" \/><\/a>\n\t\t\t<\/dt><\/dl><br style=\"clear: both\" \/><dl class='gallery-item'>\n\t\t\t<dt class='gallery-icon portrait'>\n\t\t\t\t<a href='https:\/\/anna-soltysik.pl\/wp-content\/uploads\/2017\/01\/SAM_9950x.jpg' title=\"\" data-rl_title=\"\" class=\"rl-gallery-link\" data-rl_caption=\"\" data-rel=\"lightbox-gallery-1\"><img width=\"150\" height=\"150\" src=\"https:\/\/anna-soltysik.pl\/wp-content\/uploads\/2017\/01\/SAM_9950x-150x150.jpg\" class=\"attachment-thumbnail size-thumbnail\" alt=\"\" loading=\"lazy\" srcset=\"https:\/\/anna-soltysik.pl\/wp-content\/uploads\/2017\/01\/SAM_9950x-150x150.jpg 150w, https:\/\/anna-soltysik.pl\/wp-content\/uploads\/2017\/01\/SAM_9950x-400x400.jpg 400w\" sizes=\"(max-width: 150px) 100vw, 150px\" \/><\/a>\n\t\t\t<\/dt><\/dl><dl class='gallery-item'>\n\t\t\t<dt class='gallery-icon portrait'>\n\t\t\t\t<a href='https:\/\/anna-soltysik.pl\/wp-content\/uploads\/2017\/01\/SAM_9957x.jpg' title=\"\" data-rl_title=\"\" class=\"rl-gallery-link\" data-rl_caption=\"\" data-rel=\"lightbox-gallery-1\"><img width=\"150\" height=\"150\" src=\"https:\/\/anna-soltysik.pl\/wp-content\/uploads\/2017\/01\/SAM_9957x-150x150.jpg\" class=\"attachment-thumbnail size-thumbnail\" alt=\"\" loading=\"lazy\" srcset=\"https:\/\/anna-soltysik.pl\/wp-content\/uploads\/2017\/01\/SAM_9957x-150x150.jpg 150w, https:\/\/anna-soltysik.pl\/wp-content\/uploads\/2017\/01\/SAM_9957x-400x400.jpg 400w\" sizes=\"(max-width: 150px) 100vw, 150px\" \/><\/a>\n\t\t\t<\/dt><\/dl><dl class='gallery-item'>\n\t\t\t<dt class='gallery-icon landscape'>\n\t\t\t\t<a href='https:\/\/anna-soltysik.pl\/wp-content\/uploads\/2017\/01\/SAM_1098.jpg' title=\"\" data-rl_title=\"\" class=\"rl-gallery-link\" data-rl_caption=\"\" data-rel=\"lightbox-gallery-1\"><img width=\"150\" height=\"150\" src=\"https:\/\/anna-soltysik.pl\/wp-content\/uploads\/2017\/01\/SAM_1098-150x150.jpg\" class=\"attachment-thumbnail size-thumbnail\" alt=\"\" loading=\"lazy\" srcset=\"https:\/\/anna-soltysik.pl\/wp-content\/uploads\/2017\/01\/SAM_1098-150x150.jpg 150w, https:\/\/anna-soltysik.pl\/wp-content\/uploads\/2017\/01\/SAM_1098-400x400.jpg 400w\" sizes=\"(max-width: 150px) 100vw, 150px\" \/><\/a>\n\t\t\t<\/dt><\/dl><br style=\"clear: both\" \/><dl class='gallery-item'>\n\t\t\t<dt class='gallery-icon portrait'>\n\t\t\t\t<a href='https:\/\/anna-soltysik.pl\/wp-content\/uploads\/2017\/01\/SAM_1101.jpg' title=\"\" data-rl_title=\"\" class=\"rl-gallery-link\" data-rl_caption=\"\" data-rel=\"lightbox-gallery-1\"><img width=\"150\" height=\"150\" src=\"https:\/\/anna-soltysik.pl\/wp-content\/uploads\/2017\/01\/SAM_1101-150x150.jpg\" class=\"attachment-thumbnail size-thumbnail\" alt=\"\" loading=\"lazy\" srcset=\"https:\/\/anna-soltysik.pl\/wp-content\/uploads\/2017\/01\/SAM_1101-150x150.jpg 150w, https:\/\/anna-soltysik.pl\/wp-content\/uploads\/2017\/01\/SAM_1101-400x400.jpg 400w\" sizes=\"(max-width: 150px) 100vw, 150px\" \/><\/a>\n\t\t\t<\/dt><\/dl><dl class='gallery-item'>\n\t\t\t<dt class='gallery-icon portrait'>\n\t\t\t\t<a href='https:\/\/anna-soltysik.pl\/wp-content\/uploads\/2017\/01\/SAM_1168x.jpg' title=\"\" data-rl_title=\"\" class=\"rl-gallery-link\" data-rl_caption=\"\" data-rel=\"lightbox-gallery-1\"><img width=\"150\" height=\"150\" src=\"https:\/\/anna-soltysik.pl\/wp-content\/uploads\/2017\/01\/SAM_1168x-150x150.jpg\" class=\"attachment-thumbnail size-thumbnail\" alt=\"\" loading=\"lazy\" srcset=\"https:\/\/anna-soltysik.pl\/wp-content\/uploads\/2017\/01\/SAM_1168x-150x150.jpg 150w, https:\/\/anna-soltysik.pl\/wp-content\/uploads\/2017\/01\/SAM_1168x-400x400.jpg 400w\" sizes=\"(max-width: 150px) 100vw, 150px\" \/><\/a>\n\t\t\t<\/dt><\/dl><dl class='gallery-item'>\n\t\t\t<dt class='gallery-icon portrait'>\n\t\t\t\t<a href='https:\/\/anna-soltysik.pl\/wp-content\/uploads\/2017\/01\/SAM_1167x.jpg' title=\"\" data-rl_title=\"\" class=\"rl-gallery-link\" data-rl_caption=\"\" data-rel=\"lightbox-gallery-1\"><img width=\"150\" height=\"150\" src=\"https:\/\/anna-soltysik.pl\/wp-content\/uploads\/2017\/01\/SAM_1167x-150x150.jpg\" class=\"attachment-thumbnail size-thumbnail\" alt=\"\" loading=\"lazy\" srcset=\"https:\/\/anna-soltysik.pl\/wp-content\/uploads\/2017\/01\/SAM_1167x-150x150.jpg 150w, https:\/\/anna-soltysik.pl\/wp-content\/uploads\/2017\/01\/SAM_1167x-400x400.jpg 400w\" sizes=\"(max-width: 150px) 100vw, 150px\" \/><\/a>\n\t\t\t<\/dt><\/dl><br style=\"clear: both\" \/><dl class='gallery-item'>\n\t\t\t<dt class='gallery-icon portrait'>\n\t\t\t\t<a href='https:\/\/anna-soltysik.pl\/wp-content\/uploads\/2017\/01\/SAM_1162x.jpg' title=\"\" data-rl_title=\"\" class=\"rl-gallery-link\" data-rl_caption=\"\" data-rel=\"lightbox-gallery-1\"><img width=\"150\" height=\"150\" src=\"https:\/\/anna-soltysik.pl\/wp-content\/uploads\/2017\/01\/SAM_1162x-150x150.jpg\" class=\"attachment-thumbnail size-thumbnail\" alt=\"\" loading=\"lazy\" srcset=\"https:\/\/anna-soltysik.pl\/wp-content\/uploads\/2017\/01\/SAM_1162x-150x150.jpg 150w, https:\/\/anna-soltysik.pl\/wp-content\/uploads\/2017\/01\/SAM_1162x-400x400.jpg 400w\" sizes=\"(max-width: 150px) 100vw, 150px\" \/><\/a>\n\t\t\t<\/dt><\/dl>\n\t\t\t<br style='clear: both' \/>\n\t\t<\/div>\n\n<p>Read more about!<\/p>\n<blockquote class=\"wp-embedded-content\" data-secret=\"hrS1OPUqoI\"><p><a href=\"http:\/\/madraksiazkaroku.pl\/aktualnosci\/jak-powstala-statuetka-euklidesa\/\">Jak powsta\u0142a statuetka Euklidesa?<\/a><\/p><\/blockquote>\n<p><iframe class=\"wp-embedded-content\" sandbox=\"allow-scripts\" security=\"restricted\" style=\"position: absolute; clip: rect(1px, 1px, 1px, 1px);\" src=\"http:\/\/madraksiazkaroku.pl\/aktualnosci\/jak-powstala-statuetka-euklidesa\/embed\/#?secret=hrS1OPUqoI\" data-secret=\"hrS1OPUqoI\" width=\"600\" height=\"338\" title=\"&#8222;Jak powsta\u0142a statuetka Euklidesa?&#8221; &#8212; M\u0105dra Ksi\u0105\u017cka Roku\" frameborder=\"0\" marginwidth=\"0\" marginheight=\"0\" scrolling=\"no\"><\/iframe><\/p>\n<p>&nbsp;<\/p>\n","protected":false},"excerpt":{"rendered":"<p>Read more about! &nbsp;<\/p>\n","protected":false},"author":1,"featured_media":0,"parent":196,"menu_order":0,"comment_status":"closed","ping_status":"closed","template":"","meta":[],"_links":{"self":[{"href":"https:\/\/anna-soltysik.pl\/index.php\/wp-json\/wp\/v2\/pages\/201"}],"collection":[{"href":"https:\/\/anna-soltysik.pl\/index.php\/wp-json\/wp\/v2\/pages"}],"about":[{"href":"https:\/\/anna-soltysik.pl\/index.php\/wp-json\/wp\/v2\/types\/page"}],"author":[{"embeddable":true,"href":"https:\/\/anna-soltysik.pl\/index.php\/wp-json\/wp\/v2\/users\/1"}],"replies":[{"embeddable":true,"href":"https:\/\/anna-soltysik.pl\/index.php\/wp-json\/wp\/v2\/comments?post=201"}],"version-history":[{"count":8,"href":"https:\/\/anna-soltysik.pl\/index.php\/wp-json\/wp\/v2\/pages\/201\/revisions"}],"predecessor-version":[{"id":743,"href":"https:\/\/anna-soltysik.pl\/index.php\/wp-json\/wp\/v2\/pages\/201\/revisions\/743"}],"up":[{"embeddable":true,"href":"https:\/\/anna-soltysik.pl\/index.php\/wp-json\/wp\/v2\/pages\/196"}],"wp:attachment":[{"href":"https:\/\/anna-soltysik.pl\/index.php\/wp-json\/wp\/v2\/media?parent=201"}],"curies":[{"name":"wp","href":"https:\/\/api.w.org\/{rel}","templated":true}]}}