{"id":143,"date":"2016-12-16T21:19:19","date_gmt":"2016-12-16T20:19:19","guid":{"rendered":"http:\/\/anna-soltysik.pl\/?page_id=143"},"modified":"2017-03-17T17:56:07","modified_gmt":"2017-03-17T16:56:07","slug":"in-media","status":"publish","type":"page","link":"https:\/\/anna-soltysik.pl\/index.php\/przykladowa-strona\/in-media\/","title":{"rendered":"In media"},"content":{"rendered":"<p><a href=\"http:\/\/madraksiazkaroku.pl\/aktualnosci\">Statuette &#8216;Clever book of the year&#8217;<\/a><\/p>\n<p><a href=\"http:\/\/www.rzezba-oronsko.pl\/index.php?aktualnosci,1082,anna_soltysik_\">Centre of Polish Sculpture in Oro\u0144sko, February 2017<\/a><\/p>\n<p><a href=\"http:\/\/www.rzezba-oronsko.pl\/index.php?aktualnosci,1045,listopadowe_pobyty_artystyczne_\">Centre of Polish Sculpture in Oro\u0144sko, November 2016<\/a><\/p>\n<p><a href=\"http:\/\/rzeszow.tvp.pl\/26479660\/11-miedzynarodowa-akcja-artystyczna-w-woli-sekowej\">XI International Artistic Action in Wola S\u0119kowa 2016<\/a><\/p>\n<p><a href=\"http:\/\/a1-galeria.pk.edu.pl\/?p=905\">GALERIA A1 &#8211; about the exhibition in April 2016<\/a><\/p>\n<p><a href=\"https:\/\/www.facebook.com\/events\/1729416443966231\/permalink\/1732486783659197\/\">The opening of exhibition in April 2016<\/a><\/p>\n","protected":false},"excerpt":{"rendered":"<p>Statuette &#8216;Clever book of the year&#8217; Centre of Polish Sculpture in Oro\u0144sko, February 2017 Centre of Polish Sculpture in Oro\u0144sko, November 2016 XI International Artistic Action in Wola S\u0119kowa 2016 GALERIA A1 &#8211; about the exhibition in April 2016 The opening of exhibition in April 2016<\/p>\n","protected":false},"author":1,"featured_media":0,"parent":2,"menu_order":0,"comment_status":"closed","ping_status":"closed","template":"","meta":[],"_links":{"self":[{"href":"https:\/\/anna-soltysik.pl\/index.php\/wp-json\/wp\/v2\/pages\/143"}],"collection":[{"href":"https:\/\/anna-soltysik.pl\/index.php\/wp-json\/wp\/v2\/pages"}],"about":[{"href":"https:\/\/anna-soltysik.pl\/index.php\/wp-json\/wp\/v2\/types\/page"}],"author":[{"embeddable":true,"href":"https:\/\/anna-soltysik.pl\/index.php\/wp-json\/wp\/v2\/users\/1"}],"replies":[{"embeddable":true,"href":"https:\/\/anna-soltysik.pl\/index.php\/wp-json\/wp\/v2\/comments?post=143"}],"version-history":[{"count":10,"href":"https:\/\/anna-soltysik.pl\/index.php\/wp-json\/wp\/v2\/pages\/143\/revisions"}],"predecessor-version":[{"id":286,"href":"https:\/\/anna-soltysik.pl\/index.php\/wp-json\/wp\/v2\/pages\/143\/revisions\/286"}],"up":[{"embeddable":true,"href":"https:\/\/anna-soltysik.pl\/index.php\/wp-json\/wp\/v2\/pages\/2"}],"wp:attachment":[{"href":"https:\/\/anna-soltysik.pl\/index.php\/wp-json\/wp\/v2\/media?parent=143"}],"curies":[{"name":"wp","href":"https:\/\/api.w.org\/{rel}","templated":true}]}}