{"id":112,"date":"2016-12-16T18:52:32","date_gmt":"2016-12-16T17:52:32","guid":{"rendered":"http:\/\/anna-soltysik.pl\/?page_id=112"},"modified":"2017-12-06T13:38:41","modified_gmt":"2017-12-06T12:38:41","slug":"publications","status":"publish","type":"page","link":"https:\/\/anna-soltysik.pl\/index.php\/download\/publications\/","title":{"rendered":"Publications"},"content":{"rendered":"<p><strong><span style=\"text-decoration: underline;\"><a href=\"http:\/\/anna-soltysik.pl\/wp-content\/uploads\/2016\/12\/Sztuka-w-krajobrazie-mi\u0119dzynarodowe-akcje-artystyczne-w-Woli-S\u0119kowej.-Uniwersytet-Ludowy-Rzemios\u0142a-Artystycznego.pdf\">Art in the landscape \u2013 International Artistic Actions in Wola S\u0119kowa. Folk University of Artistic Handicraft<\/a><\/span><\/strong><\/p>\n<p>&#8216;Rze\u017aby i muzyka&#8217; &#8211; Kwartalnik Gminy Bukowsko 3\/2017<\/p>\n\n\t\t<style type=\"text\/css\">\n\t\t\t#gallery-1 {\n\t\t\t\tmargin: auto;\n\t\t\t}\n\t\t\t#gallery-1 .gallery-item {\n\t\t\t\tfloat: left;\n\t\t\t\tmargin-top: 10px;\n\t\t\t\ttext-align: center;\n\t\t\t\twidth: 33%;\n\t\t\t}\n\t\t\t#gallery-1 img {\n\t\t\t\tborder: 2px solid #cfcfcf;\n\t\t\t}\n\t\t\t#gallery-1 .gallery-caption {\n\t\t\t\tmargin-left: 0;\n\t\t\t}\n\t\t\t\/* see gallery_shortcode() in wp-includes\/media.php *\/\n\t\t<\/style>\n\t\t<div id='gallery-1' class='gallery galleryid-112 gallery-columns-3 gallery-size-thumbnail'><dl class='gallery-item'>\n\t\t\t<dt class='gallery-icon landscape'>\n\t\t\t\t<a href='https:\/\/anna-soltysik.pl\/wp-content\/uploads\/2016\/12\/Kwartalnik-nr-1-2017.jpg' title=\"\" data-rl_title=\"\" class=\"rl-gallery-link\" data-rl_caption=\"\" data-rel=\"lightbox-gallery-1\"><img width=\"150\" height=\"150\" src=\"https:\/\/anna-soltysik.pl\/wp-content\/uploads\/2016\/12\/Kwartalnik-nr-1-2017-150x150.jpg\" class=\"attachment-thumbnail size-thumbnail\" alt=\"\" loading=\"lazy\" srcset=\"https:\/\/anna-soltysik.pl\/wp-content\/uploads\/2016\/12\/Kwartalnik-nr-1-2017-150x150.jpg 150w, https:\/\/anna-soltysik.pl\/wp-content\/uploads\/2016\/12\/Kwartalnik-nr-1-2017-400x400.jpg 400w\" sizes=\"(max-width: 150px) 100vw, 150px\" \/><\/a>\n\t\t\t<\/dt><\/dl>\n\t\t\t<br style='clear: both' \/>\n\t\t<\/div>\n\n","protected":false},"excerpt":{"rendered":"<p>Art in the landscape \u2013 International Artistic Actions in Wola S\u0119kowa. Folk University of Artistic Handicraft &#8216;Rze\u017aby i muzyka&#8217; &#8211; Kwartalnik Gminy Bukowsko 3\/2017<\/p>\n","protected":false},"author":1,"featured_media":0,"parent":97,"menu_order":0,"comment_status":"closed","ping_status":"closed","template":"","meta":[],"_links":{"self":[{"href":"https:\/\/anna-soltysik.pl\/index.php\/wp-json\/wp\/v2\/pages\/112"}],"collection":[{"href":"https:\/\/anna-soltysik.pl\/index.php\/wp-json\/wp\/v2\/pages"}],"about":[{"href":"https:\/\/anna-soltysik.pl\/index.php\/wp-json\/wp\/v2\/types\/page"}],"author":[{"embeddable":true,"href":"https:\/\/anna-soltysik.pl\/index.php\/wp-json\/wp\/v2\/users\/1"}],"replies":[{"embeddable":true,"href":"https:\/\/anna-soltysik.pl\/index.php\/wp-json\/wp\/v2\/comments?post=112"}],"version-history":[{"count":5,"href":"https:\/\/anna-soltysik.pl\/index.php\/wp-json\/wp\/v2\/pages\/112\/revisions"}],"predecessor-version":[{"id":413,"href":"https:\/\/anna-soltysik.pl\/index.php\/wp-json\/wp\/v2\/pages\/112\/revisions\/413"}],"up":[{"embeddable":true,"href":"https:\/\/anna-soltysik.pl\/index.php\/wp-json\/wp\/v2\/pages\/97"}],"wp:attachment":[{"href":"https:\/\/anna-soltysik.pl\/index.php\/wp-json\/wp\/v2\/media?parent=112"}],"curies":[{"name":"wp","href":"https:\/\/api.w.org\/{rel}","templated":true}]}}